{"id":175,"date":"2026-04-18T21:20:51","date_gmt":"2026-04-18T21:20:51","guid":{"rendered":"https:\/\/javiermartinez.csmclm.com\/?page_id=175"},"modified":"2026-04-18T21:56:41","modified_gmt":"2026-04-18T21:56:41","slug":"historia","status":"publish","type":"page","link":"https:\/\/javiermartinez.csmclm.com\/?page_id=175","title":{"rendered":"Historia"},"content":{"rendered":"\n<div class=\"wp-block-group alignfull has-accent-5-background-color has-background has-global-padding is-layout-constrained wp-container-core-group-is-layout-d89aad35 wp-block-group-is-layout-constrained\" style=\"margin-top:0;margin-bottom:0;padding-top:var(--wp--preset--spacing--50);padding-right:var(--wp--preset--spacing--50);padding-bottom:var(--wp--preset--spacing--50);padding-left:var(--wp--preset--spacing--50)\">\n<div class=\"wp-block-columns alignwide is-layout-flex wp-container-core-columns-is-layout-1da03c2a wp-block-columns-is-layout-flex\">\n<div class=\"wp-block-column is-vertically-aligned-center is-layout-flow wp-block-column-is-layout-flow\" style=\"flex-basis:60%\">\n<figure class=\"wp-block-image size-full is-style-rounded wp-duotone-duotone-1 is-style-rounded--1\"><img loading=\"lazy\" decoding=\"async\" width=\"1179\" height=\"785\" src=\"http:\/\/javiermartinez.csmclm.com\/wp-content\/uploads\/2026\/04\/IMG_4230.jpeg\" alt=\"\" class=\"wp-image-173\" style=\"aspect-ratio:4\/3;object-fit:cover\" srcset=\"https:\/\/javiermartinez.csmclm.com\/wp-content\/uploads\/2026\/04\/IMG_4230.jpeg 1179w, https:\/\/javiermartinez.csmclm.com\/wp-content\/uploads\/2026\/04\/IMG_4230-300x200.jpeg 300w, https:\/\/javiermartinez.csmclm.com\/wp-content\/uploads\/2026\/04\/IMG_4230-1024x682.jpeg 1024w, https:\/\/javiermartinez.csmclm.com\/wp-content\/uploads\/2026\/04\/IMG_4230-768x511.jpeg 768w\" sizes=\"auto, (max-width: 1179px) 100vw, 1179px\" \/><\/figure>\n<\/div>\n\n\n\n<div class=\"wp-block-column is-layout-flow wp-block-column-is-layout-flow\" style=\"flex-basis:40%\">\n<h2 class=\"wp-block-heading\">Inicio de un proyecto ilusionante.<\/h2>\n\n\n\n<p>En 1985 surge la iniciativa de generar una banda en el municipio de Villalgordo del J\u00facar. <\/p>\n\n\n\n<p>Ese mismo a\u00f1o comenzaron las clases de solfeo impartidas por Octavio L\u00f3pez quien asumir\u00eda tambi\u00e9n el cargo de director de la banda y de la escuela de m\u00fasica. <\/p>\n\n\n\n<p>Durante varios a\u00f1os la banda se dedic\u00f3 a estudiar solfeo, hasta que en 1988, la Uni\u00f3n Musical \u00abLa Lira\u00bb dio su primer concierto bajo la direcci\u00f3n del mismo Octavio L\u00f3pez.<\/p>\n<\/div>\n<\/div>\n<\/div>\n\n\n\n<div class=\"wp-block-group alignfull has-global-padding is-layout-constrained wp-container-core-group-is-layout-d89aad35 wp-block-group-is-layout-constrained\" style=\"margin-top:0;margin-bottom:0;padding-top:var(--wp--preset--spacing--50);padding-right:var(--wp--preset--spacing--50);padding-bottom:var(--wp--preset--spacing--50);padding-left:var(--wp--preset--spacing--50)\">\n<div class=\"wp-block-columns alignwide are-vertically-aligned-center is-layout-flex wp-container-core-columns-is-layout-47c06fe3 wp-block-columns-is-layout-flex\">\n<div class=\"wp-block-column is-vertically-aligned-center is-layout-flow wp-block-column-is-layout-flow\" style=\"flex-basis:50%\">\n<h2 class=\"wp-block-heading\">La Lira \u00aba extramuros\u00bb.<\/h2>\n\n\n\n<p>Durante la estancia de Octavio L\u00f3pez como director, la banda ha participado en distintos eventos fuera del municipio. <\/p>\n\n\n\n<p>La banda particip\u00f3 en el antiguo certamen de bandas que organizaba la junta de la comunidad de Castilla La-Mancha. Adem\u00e1s, ha viajado a otras ciudades provinciales como es el caso de Cuenca, llegando a actuar en su auditorio Jos\u00e9 Luis Perales. <\/p>\n\n\n\n<p>La U.M tambi\u00e9n ha podido participar en grandes eventos nacionales fuera de la comunidad aut\u00f3noma. En este caso, cabe destacar la actuaci\u00f3n de la banda en las fallas de Valencia en el a\u00f1o 2002.<\/p>\n\n\n\n<p>Finalmente, en 2004, Octavio L\u00f3pez se retir\u00f3 de la banda dando paso a su nuevo director. <\/p>\n<\/div>\n\n\n\n<div class=\"wp-block-column is-vertically-aligned-center is-layout-flow wp-block-column-is-layout-flow\" style=\"flex-basis:50%\">\n<figure class=\"wp-block-image size-full is-style-rounded is-style-rounded--2\"><img loading=\"lazy\" decoding=\"async\" width=\"1125\" height=\"815\" src=\"http:\/\/javiermartinez.csmclm.com\/wp-content\/uploads\/2026\/04\/6e1b983e-0f46-422c-b676-dc32fbe70d76.jpeg\" alt=\"\" class=\"wp-image-156\" style=\"aspect-ratio:4\/3;object-fit:cover\" srcset=\"https:\/\/javiermartinez.csmclm.com\/wp-content\/uploads\/2026\/04\/6e1b983e-0f46-422c-b676-dc32fbe70d76.jpeg 1125w, https:\/\/javiermartinez.csmclm.com\/wp-content\/uploads\/2026\/04\/6e1b983e-0f46-422c-b676-dc32fbe70d76-300x217.jpeg 300w, https:\/\/javiermartinez.csmclm.com\/wp-content\/uploads\/2026\/04\/6e1b983e-0f46-422c-b676-dc32fbe70d76-1024x742.jpeg 1024w, https:\/\/javiermartinez.csmclm.com\/wp-content\/uploads\/2026\/04\/6e1b983e-0f46-422c-b676-dc32fbe70d76-768x556.jpeg 768w\" sizes=\"auto, (max-width: 1125px) 100vw, 1125px\" \/><\/figure>\n<\/div>\n<\/div>\n<\/div>\n\n\n\n<div class=\"wp-block-group alignfull has-accent-background-color has-background has-global-padding is-layout-constrained wp-container-core-group-is-layout-669513ed wp-block-group-is-layout-constrained\" style=\"margin-top:0;margin-bottom:0;padding-top:var(--wp--preset--spacing--50);padding-right:var(--wp--preset--spacing--50);padding-bottom:var(--wp--preset--spacing--50);padding-left:var(--wp--preset--spacing--50)\">\n<div class=\"wp-block-columns alignwide is-layout-flex wp-container-core-columns-is-layout-1da03c2a wp-block-columns-is-layout-flex\">\n<div class=\"wp-block-column is-vertically-aligned-center is-layout-flow wp-block-column-is-layout-flow\" style=\"flex-basis:50%\">\n<figure class=\"wp-block-image aligncenter size-large is-resized is-style-rounded is-style-rounded--3\"><img loading=\"lazy\" decoding=\"async\" width=\"1024\" height=\"768\" src=\"http:\/\/javiermartinez.csmclm.com\/wp-content\/uploads\/2026\/04\/021-1024x768.jpg\" alt=\"\" class=\"wp-image-58\" style=\"aspect-ratio:0.75;object-fit:cover;width:303px;height:auto\" srcset=\"https:\/\/javiermartinez.csmclm.com\/wp-content\/uploads\/2026\/04\/021-1024x768.jpg 1024w, https:\/\/javiermartinez.csmclm.com\/wp-content\/uploads\/2026\/04\/021-300x225.jpg 300w, https:\/\/javiermartinez.csmclm.com\/wp-content\/uploads\/2026\/04\/021-768x576.jpg 768w, https:\/\/javiermartinez.csmclm.com\/wp-content\/uploads\/2026\/04\/021-1536x1152.jpg 1536w, https:\/\/javiermartinez.csmclm.com\/wp-content\/uploads\/2026\/04\/021.jpg 2048w\" sizes=\"auto, (max-width: 1024px) 100vw, 1024px\" \/><\/figure>\n<\/div>\n\n\n\n<div class=\"wp-block-column is-vertically-aligned-stretch is-layout-flow wp-block-column-is-layout-flow\" style=\"flex-basis:50%\">\n<div class=\"wp-block-group is-vertical is-content-justification-stretch is-layout-flex wp-container-core-group-is-layout-444d5ee8 wp-block-group-is-layout-flex\" style=\"min-height:100%\">\n<p class=\"has-heading-font-family has-x-large-font-size\" style=\"line-height:1.2\">Nuevas experiencias<\/p>\n\n\n\n<p>Tras el retiro de Octavio L\u00f3pez, la banda buscaba nuevo director. El sucesor de una de las piezas fundadoras de la banda fue Juan Villodre.<\/p>\n\n\n\n<p>Juan Villodre realiz\u00f3 nuevas actividades con la banda, en este caso, realiz\u00f3 varias colaboraciones con otras asociaciones y grupos musicales.<\/p>\n\n\n\n<p>Entre estas colaboraciones destacan conciertos con el coro de la asociaci\u00f3n espa\u00f1ola contra el c\u00e1ncer, bandas de rock, canta autores, y una gran multitud de proyectos similares a estos. <\/p>\n\n\n\n<p>Juan Villodre estuvo al cargo de la banda durante 12 a\u00f1os. Finalmente en 2016 se retir\u00f3 dando paso a otro nuevo director.<\/p>\n<\/div>\n<\/div>\n<\/div>\n<\/div>\n\n\n\n<div class=\"wp-block-group alignfull has-global-padding is-layout-constrained wp-container-core-group-is-layout-d89aad35 wp-block-group-is-layout-constrained\" style=\"margin-top:0;margin-bottom:0;padding-top:var(--wp--preset--spacing--50);padding-right:var(--wp--preset--spacing--50);padding-bottom:var(--wp--preset--spacing--50);padding-left:var(--wp--preset--spacing--50)\">\n<div class=\"wp-block-columns alignwide are-vertically-aligned-center is-layout-flex wp-container-core-columns-is-layout-47c06fe3 wp-block-columns-is-layout-flex\">\n<div class=\"wp-block-column is-vertically-aligned-center is-layout-flow wp-block-column-is-layout-flow\" style=\"flex-basis:50%\">\n<h2 class=\"wp-block-heading\">Tercera direcci\u00f3n<\/h2>\n\n\n\n<p>Tras el legado de Juan Villodre, Alberto Andr\u00e9s Cuartero Blesa asumi\u00f3 la direcci\u00f3n de la banda hasta el pasado 2025. Durante sus 9 a\u00f1os como director la banda fue galardonada por su trabajo con motivo de la \u00abGala Provincial de la M\u00fasica\u00bb en 2020.<\/p>\n\n\n\n<p>Mediante la placa conmemorativa se reconoci\u00f3 el agradecimiento de la Diputaci\u00f3n a quienes forman o han formado parte de esta  agrupaci\u00f3n musical, adem\u00e1s de ser \u00abun orgullo para el pueblo y la mejor apuesta cultural del municipio\u00bb.<\/p>\n\n\n\n<p>Finalmente, en 2025, Alberto ceder\u00e1 su puesto de director dando paso a nuestro actual director: Javier Mart\u00ednez.<\/p>\n<\/div>\n\n\n\n<div class=\"wp-block-column is-vertically-aligned-center is-layout-flow wp-block-column-is-layout-flow\" style=\"flex-basis:50%\">\n<figure class=\"wp-block-image size-full is-style-rounded is-style-rounded--4\"><img loading=\"lazy\" decoding=\"async\" width=\"1030\" height=\"692\" src=\"https:\/\/javiermartinez.csmclm.com\/wp-content\/uploads\/2026\/04\/Gala-de-la-Musica-concierto-1030x692-1.jpeg\" alt=\"\" class=\"wp-image-186\" srcset=\"https:\/\/javiermartinez.csmclm.com\/wp-content\/uploads\/2026\/04\/Gala-de-la-Musica-concierto-1030x692-1.jpeg 1030w, https:\/\/javiermartinez.csmclm.com\/wp-content\/uploads\/2026\/04\/Gala-de-la-Musica-concierto-1030x692-1-300x202.jpeg 300w, https:\/\/javiermartinez.csmclm.com\/wp-content\/uploads\/2026\/04\/Gala-de-la-Musica-concierto-1030x692-1-1024x688.jpeg 1024w, https:\/\/javiermartinez.csmclm.com\/wp-content\/uploads\/2026\/04\/Gala-de-la-Musica-concierto-1030x692-1-768x516.jpeg 768w\" sizes=\"auto, (max-width: 1030px) 100vw, 1030px\" \/><\/figure>\n<\/div>\n<\/div>\n<\/div>\n\n\n\n<p><\/p>\n","protected":false},"excerpt":{"rendered":"<p>Inicio de un proyecto ilusionante. En 1985 surge la iniciativa de generar una banda en el municipio de Villalgordo del J\u00facar. Ese mismo a\u00f1o comenzaron las clases de solfeo impartidas por Octavio L\u00f3pez quien asumir\u00eda tambi\u00e9n el cargo de director de la banda y de la escuela de m\u00fasica. Durante varios a\u00f1os la banda se [&hellip;]<\/p>\n","protected":false},"author":1,"featured_media":0,"parent":0,"menu_order":0,"comment_status":"closed","ping_status":"closed","template":"","meta":{"footnotes":""},"class_list":["post-175","page","type-page","status-publish","hentry"],"_links":{"self":[{"href":"https:\/\/javiermartinez.csmclm.com\/index.php?rest_route=\/wp\/v2\/pages\/175","targetHints":{"allow":["GET"]}}],"collection":[{"href":"https:\/\/javiermartinez.csmclm.com\/index.php?rest_route=\/wp\/v2\/pages"}],"about":[{"href":"https:\/\/javiermartinez.csmclm.com\/index.php?rest_route=\/wp\/v2\/types\/page"}],"author":[{"embeddable":true,"href":"https:\/\/javiermartinez.csmclm.com\/index.php?rest_route=\/wp\/v2\/users\/1"}],"replies":[{"embeddable":true,"href":"https:\/\/javiermartinez.csmclm.com\/index.php?rest_route=%2Fwp%2Fv2%2Fcomments&post=175"}],"version-history":[{"count":10,"href":"https:\/\/javiermartinez.csmclm.com\/index.php?rest_route=\/wp\/v2\/pages\/175\/revisions"}],"predecessor-version":[{"id":189,"href":"https:\/\/javiermartinez.csmclm.com\/index.php?rest_route=\/wp\/v2\/pages\/175\/revisions\/189"}],"wp:attachment":[{"href":"https:\/\/javiermartinez.csmclm.com\/index.php?rest_route=%2Fwp%2Fv2%2Fmedia&parent=175"}],"curies":[{"name":"wp","href":"https:\/\/api.w.org\/{rel}","templated":true}]}}