{"id":111,"date":"2026-04-18T15:52:37","date_gmt":"2026-04-18T15:52:37","guid":{"rendered":"https:\/\/javiermartinez.csmclm.com\/?page_id=111"},"modified":"2026-04-18T22:13:10","modified_gmt":"2026-04-18T22:13:10","slug":"noticias","status":"publish","type":"page","link":"https:\/\/javiermartinez.csmclm.com\/?page_id=111","title":{"rendered":"Noticias"},"content":{"rendered":"\n<p>En esta p\u00e1gina podr\u00e1s estar al d\u00eda de todas las novedades de la banda, incluidos conciertos y otras fechas se\u00f1aladas. \u00a1Estad atentos!<\/p>\n\n\n\n<div style=\"height:32px\" aria-hidden=\"true\" class=\"wp-block-spacer\"><\/div>\n\n\n\n<div class=\"wp-block-group alignfull has-accent-background-color has-background has-global-padding is-layout-constrained wp-container-core-group-is-layout-669513ed wp-block-group-is-layout-constrained\" style=\"margin-top:0;margin-bottom:0;padding-top:var(--wp--preset--spacing--50);padding-right:var(--wp--preset--spacing--50);padding-bottom:var(--wp--preset--spacing--50);padding-left:var(--wp--preset--spacing--50)\">\n<div class=\"wp-block-columns alignwide is-layout-flex wp-container-core-columns-is-layout-1da03c2a wp-block-columns-is-layout-flex\">\n<div class=\"wp-block-column is-vertically-aligned-stretch is-layout-flow wp-block-column-is-layout-flow\" style=\"flex-basis:50%\">\n<div class=\"wp-block-group is-vertical is-content-justification-stretch is-layout-flex wp-container-core-group-is-layout-444d5ee8 wp-block-group-is-layout-flex\" style=\"min-height:100%\">\n<p class=\"has-heading-font-family has-x-large-font-size\" style=\"line-height:1.2\">Concierto de primavera 2026.<\/p>\n\n\n\n<div class=\"wp-block-group has-global-padding is-content-justification-left is-layout-constrained wp-container-core-group-is-layout-9fe8ed88 wp-block-group-is-layout-constrained\">\n<p class=\"wp-container-content-0733e5d0\">La Uni\u00f3n musical \u00abLa Lira\u00bb presenta su concierto de primavera 2026. En este caso el concierto ha sido titulado \u00abRa\u00edces y legado\u00bb.<\/p>\n\n\n\n<p>En esta ocasi\u00f3n se rendir\u00e1 homenaje al repertorio sinf\u00f3nico para banda incluyendo obras de gran prestigio nacional e internacional<\/p>\n\n\n\n<p>Os invitamos a asistir a este concierto preparado con gran esfuerzo e ilusi\u00f3n<\/p>\n\n\n\n<p>S\u00e1bado 11 de abril. Casa de la cultura<\/p>\n\n\n\n<p>Donativo: 3\u20ac<\/p>\n\n\n\n<div style=\"height:198px\" aria-hidden=\"true\" class=\"wp-block-spacer\"><\/div>\n<\/div>\n<\/div>\n<\/div>\n\n\n\n<div class=\"wp-block-column is-vertically-aligned-center is-layout-flow wp-block-column-is-layout-flow\" style=\"flex-basis:50%\">\n<figure class=\"wp-block-image size-large is-style-rounded is-style-rounded--1\"><img loading=\"lazy\" decoding=\"async\" width=\"724\" height=\"1024\" src=\"http:\/\/javiermartinez.csmclm.com\/wp-content\/uploads\/2026\/04\/PHOTO-2026-04-08-22-16-41-724x1024.jpg\" alt=\"\" class=\"wp-image-99\" style=\"aspect-ratio:3\/4;object-fit:cover\" srcset=\"https:\/\/javiermartinez.csmclm.com\/wp-content\/uploads\/2026\/04\/PHOTO-2026-04-08-22-16-41-724x1024.jpg 724w, https:\/\/javiermartinez.csmclm.com\/wp-content\/uploads\/2026\/04\/PHOTO-2026-04-08-22-16-41-212x300.jpg 212w, https:\/\/javiermartinez.csmclm.com\/wp-content\/uploads\/2026\/04\/PHOTO-2026-04-08-22-16-41-768x1086.jpg 768w, https:\/\/javiermartinez.csmclm.com\/wp-content\/uploads\/2026\/04\/PHOTO-2026-04-08-22-16-41-1086x1536.jpg 1086w, https:\/\/javiermartinez.csmclm.com\/wp-content\/uploads\/2026\/04\/PHOTO-2026-04-08-22-16-41.jpg 1414w\" sizes=\"auto, (max-width: 724px) 100vw, 724px\" \/><\/figure>\n<\/div>\n<\/div>\n<\/div>\n\n\n\n<div class=\"wp-block-group alignfull has-accent-5-background-color has-background has-global-padding is-layout-constrained wp-container-core-group-is-layout-d89aad35 wp-block-group-is-layout-constrained\" style=\"margin-top:0;margin-bottom:0;padding-top:var(--wp--preset--spacing--50);padding-right:var(--wp--preset--spacing--50);padding-bottom:var(--wp--preset--spacing--50);padding-left:var(--wp--preset--spacing--50)\">\n<div class=\"wp-block-columns alignwide is-layout-flex wp-container-core-columns-is-layout-1da03c2a wp-block-columns-is-layout-flex\">\n<div class=\"wp-block-column is-vertically-aligned-center is-layout-flow wp-block-column-is-layout-flow\" style=\"flex-basis:60%\">\n<figure class=\"wp-block-image size-full is-style-rounded is-style-rounded--2\"><img loading=\"lazy\" decoding=\"async\" width=\"814\" height=\"611\" src=\"https:\/\/javiermartinez.csmclm.com\/wp-content\/uploads\/2026\/04\/50cca152-0eee-4b2a-9b86-14f8c7696325-edited.jpeg\" alt=\"\" class=\"wp-image-123\" style=\"aspect-ratio:4\/3;object-fit:cover\" srcset=\"https:\/\/javiermartinez.csmclm.com\/wp-content\/uploads\/2026\/04\/50cca152-0eee-4b2a-9b86-14f8c7696325-edited.jpeg 814w, https:\/\/javiermartinez.csmclm.com\/wp-content\/uploads\/2026\/04\/50cca152-0eee-4b2a-9b86-14f8c7696325-edited-300x225.jpeg 300w, https:\/\/javiermartinez.csmclm.com\/wp-content\/uploads\/2026\/04\/50cca152-0eee-4b2a-9b86-14f8c7696325-edited-768x576.jpeg 768w\" sizes=\"auto, (max-width: 814px) 100vw, 814px\" \/><\/figure>\n<\/div>\n\n\n\n<div class=\"wp-block-column is-layout-flow wp-block-column-is-layout-flow\" style=\"flex-basis:40%\">\n<h2 class=\"wp-block-heading\">Semana Santa 2026<\/h2>\n\n\n\n<p>Como cada a\u00f1o, la banda seguir\u00e1 participando de las procesiones de Jueves Santo y Viernes Santo.<\/p>\n\n\n\n<p>Con repertorio renovado, la m\u00fasica volver\u00e1 a sonar por las calles del municipio con nuevas sonoridades y marchas<\/p>\n<\/div>\n<\/div>\n<\/div>\n\n\n\n<div class=\"wp-block-group alignfull has-global-padding is-layout-constrained wp-container-core-group-is-layout-d89aad35 wp-block-group-is-layout-constrained\" style=\"margin-top:0;margin-bottom:0;padding-top:var(--wp--preset--spacing--50);padding-right:var(--wp--preset--spacing--50);padding-bottom:var(--wp--preset--spacing--50);padding-left:var(--wp--preset--spacing--50)\">\n<div class=\"wp-block-columns alignwide are-vertically-aligned-center is-layout-flex wp-container-core-columns-is-layout-47c06fe3 wp-block-columns-is-layout-flex\">\n<div class=\"wp-block-column is-vertically-aligned-center is-layout-flow wp-block-column-is-layout-flow\" style=\"flex-basis:50%\">\n<h2 class=\"wp-block-heading\">Concierto de Navidad 2025<\/h2>\n\n\n\n<p>En esta ocasi\u00f3n la banda contar\u00e1 con una doble colaboraci\u00f3n:<\/p>\n\n\n\n<p>Por un lado, nuestra Uni\u00f3n Musical \u00abLa Lira\u00bb se unir\u00e1 a los m\u00fasicos y m\u00fasicas de la banda sinf\u00f3nica UCLM del campus de Cuenca.<\/p>\n\n\n\n<p>Por otro lado, el grupo de folk \u00abZas Candil\u00bb formar\u00e1 parte del concierto interpretando varias de sus canciones m\u00e1s conocidas.<\/p>\n\n\n\n<p>Os esperamos a todos en la casa de la cultura el pr\u00f3ximo viernes 19 de diciembre a las 19h.<\/p>\n\n\n\n<p>\u00a1No falt\u00e9is!<\/p>\n<\/div>\n\n\n\n<div class=\"wp-block-column is-vertically-aligned-center is-layout-flow wp-block-column-is-layout-flow\" style=\"flex-basis:50%\">\n<figure class=\"wp-block-image size-full is-style-rounded is-style-rounded--3\"><img loading=\"lazy\" decoding=\"async\" width=\"1131\" height=\"848\" src=\"https:\/\/javiermartinez.csmclm.com\/wp-content\/uploads\/2026\/04\/c6dbcc38-499e-47df-b99c-a171ec8c4f8d-edited.jpeg\" alt=\"\" class=\"wp-image-126\" style=\"aspect-ratio:4\/3;object-fit:cover\" srcset=\"https:\/\/javiermartinez.csmclm.com\/wp-content\/uploads\/2026\/04\/c6dbcc38-499e-47df-b99c-a171ec8c4f8d-edited.jpeg 1131w, https:\/\/javiermartinez.csmclm.com\/wp-content\/uploads\/2026\/04\/c6dbcc38-499e-47df-b99c-a171ec8c4f8d-edited-300x225.jpeg 300w, https:\/\/javiermartinez.csmclm.com\/wp-content\/uploads\/2026\/04\/c6dbcc38-499e-47df-b99c-a171ec8c4f8d-edited-1024x768.jpeg 1024w, https:\/\/javiermartinez.csmclm.com\/wp-content\/uploads\/2026\/04\/c6dbcc38-499e-47df-b99c-a171ec8c4f8d-edited-768x576.jpeg 768w\" sizes=\"auto, (max-width: 1131px) 100vw, 1131px\" \/><\/figure>\n<\/div>\n<\/div>\n<\/div>\n\n\n\n<div class=\"wp-block-group alignfull has-accent-4-background-color has-background has-global-padding is-layout-constrained wp-container-core-group-is-layout-d89aad35 wp-block-group-is-layout-constrained\" style=\"margin-top:0;margin-bottom:0;padding-top:var(--wp--preset--spacing--50);padding-right:var(--wp--preset--spacing--50);padding-bottom:var(--wp--preset--spacing--50);padding-left:var(--wp--preset--spacing--50)\">\n<div class=\"wp-block-columns alignwide is-layout-flex wp-container-core-columns-is-layout-1da03c2a wp-block-columns-is-layout-flex\">\n<div class=\"wp-block-column is-vertically-aligned-center is-layout-flow wp-block-column-is-layout-flow\" style=\"flex-basis:60%\">\n<figure class=\"wp-block-image size-full is-style-rounded is-style-rounded--4\"><img loading=\"lazy\" decoding=\"async\" width=\"2040\" height=\"1536\" src=\"http:\/\/javiermartinez.csmclm.com\/wp-content\/uploads\/2026\/04\/7318e354-3f8f-411f-b4c1-d7a5179bb9e1-1.jpg\" alt=\"\" class=\"wp-image-18\" style=\"aspect-ratio:4\/3;object-fit:cover\" srcset=\"https:\/\/javiermartinez.csmclm.com\/wp-content\/uploads\/2026\/04\/7318e354-3f8f-411f-b4c1-d7a5179bb9e1-1.jpg 2040w, https:\/\/javiermartinez.csmclm.com\/wp-content\/uploads\/2026\/04\/7318e354-3f8f-411f-b4c1-d7a5179bb9e1-1-300x226.jpg 300w, https:\/\/javiermartinez.csmclm.com\/wp-content\/uploads\/2026\/04\/7318e354-3f8f-411f-b4c1-d7a5179bb9e1-1-1024x771.jpg 1024w, https:\/\/javiermartinez.csmclm.com\/wp-content\/uploads\/2026\/04\/7318e354-3f8f-411f-b4c1-d7a5179bb9e1-1-768x578.jpg 768w, https:\/\/javiermartinez.csmclm.com\/wp-content\/uploads\/2026\/04\/7318e354-3f8f-411f-b4c1-d7a5179bb9e1-1-1536x1157.jpg 1536w\" sizes=\"auto, (max-width: 2040px) 100vw, 2040px\" \/><\/figure>\n<\/div>\n\n\n\n<div class=\"wp-block-column is-layout-flow wp-block-column-is-layout-flow\" style=\"flex-basis:40%\">\n<h2 class=\"wp-block-heading\">Santa Cecilia 2025<\/h2>\n\n\n\n<p>Otro a\u00f1o m\u00e1s, la banda conmemora a su patrona Santa Cecilia.<\/p>\n\n\n\n<p>Este a\u00f1o, la banda estrena director en este concierto: Javier Mart\u00ednez Hern\u00e1ndez.<\/p>\n\n\n\n<p>Deseamos que el camino de la banda con el nuevo director sea un camino lleno de trabajo, m\u00fasica e ilusi\u00f3n por afrontar cada proyecto con la m\u00e1xima entrega.<\/p>\n\n\n\n<p>El concierto tendr\u00e1 lugar en la casa de la cultura a las 18:30 horas el pr\u00f3ximo s\u00e1bado 22, d\u00eda de Santa Cecilia.<\/p>\n\n\n\n<p>\u00a1Os esperamos!<\/p>\n<\/div>\n<\/div>\n<\/div>\n\n\n\n<div class=\"wp-block-group alignfull has-accent-background-color has-background has-global-padding is-layout-constrained wp-container-core-group-is-layout-d89aad35 wp-block-group-is-layout-constrained\" style=\"margin-top:0;margin-bottom:0;padding-top:var(--wp--preset--spacing--50);padding-right:var(--wp--preset--spacing--50);padding-bottom:var(--wp--preset--spacing--50);padding-left:var(--wp--preset--spacing--50)\">\n<div class=\"wp-block-columns alignwide are-vertically-aligned-center is-layout-flex wp-container-core-columns-is-layout-47c06fe3 wp-block-columns-is-layout-flex\">\n<div class=\"wp-block-column is-vertically-aligned-center is-layout-flow wp-block-column-is-layout-flow\" style=\"flex-basis:50%\">\n<h2 class=\"wp-block-heading\">\u00a1La U.M La Lira tiene nuevo director!<\/h2>\n\n\n\n<p>La Uni\u00f3n Musical \u00abLa Lira\u00bb tiene el honor de presentar a su nuevo director: Javier Mart\u00ednez Hern\u00e1ndez<\/p>\n\n\n\n<p>Un director profesional con gran ilusi\u00f3n por comenzar y desarrollar proyectos nuevos. Servicial y trabajador se dispone a afrontar la direcci\u00f3n art\u00edstica y musical de la banda.<\/p>\n\n\n\n<p>Ojal\u00e1 sean muchos los proyectos que lleven a cabo juntos la banda su nuevo director. \u00a1Bienvenido Javier!<\/p>\n\n\n\n<p>Todos los habitantes del municipio podr\u00e1n conocerlo en el pr\u00f3ximo concierto de Santa Cecilia, en el mes de noviembre. Pronto anunciaremos la fecha y hora del mismo<\/p>\n\n\n\n<p>\u00a1Estad atentos!<\/p>\n<\/div>\n\n\n\n<div class=\"wp-block-column is-vertically-aligned-center is-layout-flow wp-block-column-is-layout-flow\" style=\"flex-basis:50%\">\n<figure class=\"wp-block-image size-full is-style-rounded is-style-rounded--5\"><img loading=\"lazy\" decoding=\"async\" width=\"1369\" height=\"1027\" src=\"https:\/\/javiermartinez.csmclm.com\/wp-content\/uploads\/2026\/04\/DSC_0005-edited.jpeg\" alt=\"\" class=\"wp-image-132\" style=\"aspect-ratio:4\/3;object-fit:cover\" srcset=\"https:\/\/javiermartinez.csmclm.com\/wp-content\/uploads\/2026\/04\/DSC_0005-edited.jpeg 1369w, https:\/\/javiermartinez.csmclm.com\/wp-content\/uploads\/2026\/04\/DSC_0005-edited-300x225.jpeg 300w, https:\/\/javiermartinez.csmclm.com\/wp-content\/uploads\/2026\/04\/DSC_0005-edited-1024x768.jpeg 1024w, https:\/\/javiermartinez.csmclm.com\/wp-content\/uploads\/2026\/04\/DSC_0005-edited-768x576.jpeg 768w\" sizes=\"auto, (max-width: 1369px) 100vw, 1369px\" \/><\/figure>\n<\/div>\n<\/div>\n<\/div>\n\n\n\n<p><\/p>\n","protected":false},"excerpt":{"rendered":"<p>En esta p\u00e1gina podr\u00e1s estar al d\u00eda de todas las novedades de la banda, incluidos conciertos y otras fechas se\u00f1aladas. \u00a1Estad atentos! Concierto de primavera 2026. La Uni\u00f3n musical \u00abLa Lira\u00bb presenta su concierto de primavera 2026. En este caso el concierto ha sido titulado \u00abRa\u00edces y legado\u00bb. En esta ocasi\u00f3n se rendir\u00e1 homenaje al [&hellip;]<\/p>\n","protected":false},"author":1,"featured_media":0,"parent":0,"menu_order":0,"comment_status":"closed","ping_status":"closed","template":"","meta":{"footnotes":""},"class_list":["post-111","page","type-page","status-publish","hentry"],"_links":{"self":[{"href":"https:\/\/javiermartinez.csmclm.com\/index.php?rest_route=\/wp\/v2\/pages\/111","targetHints":{"allow":["GET"]}}],"collection":[{"href":"https:\/\/javiermartinez.csmclm.com\/index.php?rest_route=\/wp\/v2\/pages"}],"about":[{"href":"https:\/\/javiermartinez.csmclm.com\/index.php?rest_route=\/wp\/v2\/types\/page"}],"author":[{"embeddable":true,"href":"https:\/\/javiermartinez.csmclm.com\/index.php?rest_route=\/wp\/v2\/users\/1"}],"replies":[{"embeddable":true,"href":"https:\/\/javiermartinez.csmclm.com\/index.php?rest_route=%2Fwp%2Fv2%2Fcomments&post=111"}],"version-history":[{"count":14,"href":"https:\/\/javiermartinez.csmclm.com\/index.php?rest_route=\/wp\/v2\/pages\/111\/revisions"}],"predecessor-version":[{"id":201,"href":"https:\/\/javiermartinez.csmclm.com\/index.php?rest_route=\/wp\/v2\/pages\/111\/revisions\/201"}],"wp:attachment":[{"href":"https:\/\/javiermartinez.csmclm.com\/index.php?rest_route=%2Fwp%2Fv2%2Fmedia&parent=111"}],"curies":[{"name":"wp","href":"https:\/\/api.w.org\/{rel}","templated":true}]}}